{"id":49,"date":"2020-03-18T07:55:42","date_gmt":"2020-03-18T07:55:42","guid":{"rendered":"http:\/\/promotor.rzeszow.pl\/?page_id=49"},"modified":"2025-12-02T10:11:56","modified_gmt":"2025-12-02T10:11:56","slug":"o-nas-2","status":"publish","type":"page","link":"http:\/\/promotor.rzeszow.pl\/?page_id=49","title":{"rendered":"O nas"},"content":{"rendered":"\n<p>Stowarzyszenie Wspierania Edukacji Artystycznej \u201ePROMOTOR, jest stowarzyszeniem zarejestrowanym i posiadaj\u0105cym osobowo\u015b\u0107 prawn\u0105. Dzia\u0142amy nieprzerwanie od 1999 r.<\/p>\n\n\n\n<p>Od 2005 roku posiadamy status organizacji po\u017cytku publicznego. <\/p>\n\n\n\n<p>Nasze stowarzyszenie zosta\u0142o za\u0142o\u017cone przez grup\u0119 os\u00f3b zebranych wok\u00f3\u0142 idei rozwijania kultury i edukacji kulturalnej m\u0142odego pokolenia mieszka\u0144c\u00f3w Rzeszowa.<\/p>\n\n\n\n<p>Stowarzyszenie Wspierania Edukacji Artystycznej PROMOTOR\u2013 organizacja po\u017cytku publicznego ma bogate do\u015bwiadczenie w realizacji zada\u0144 z zakresu kultury, sztuki i edukacji kulturalnej.  Zajmuje si\u0119 organizacj\u0105 konkurs\u00f3w, festiwali z r\u00f3\u017cnych dziedzin amatorskiego ruchu artystycznego. zajmuje si\u0119 organizacj\u0105 konkurs\u00f3w, festiwali z r\u00f3\u017cnych dziedzin amatorskiego ruchu artystycznego.<\/p>\n\n\n\n<p>Stowarzyszenie zrzesza tw\u00f3rc\u00f3w i pedagog\u00f3w kultury oraz osoby zainteresowane wspieraniem dzia\u0142a\u0144 Stowarzyszenia.<\/p>\n\n\n\n<p>W swojej ponad 20-letniej historii zainicjowali\u015bmy i przeprowadzili\u015bmy szereg wa\u017cnych dzia\u0142a\u0144 wpisuj\u0105cych si\u0119 na sta\u0142e w pejza\u017c kulturalny Rzeszowa i regionu- <a href=\"http:\/\/promotor.rzeszow.pl\/?page_id=15\">nasze dzia\u0142ania.<\/a><\/p>\n\n\n\n<p>Uczestnicy warsztat\u00f3w, konkursy, festiwali, plener\u00f3w,\nwystaw i innych akcji artystycznych mieli mo\u017cliwo\u015b\u0107 prezentowania si\u0119 we\nw\u0142asnym \u015brodowisku oraz na arenie mi\u0119dzynarodowej w ca\u0142ej Europie od Gibraltaru\npo Krym.<\/p>\n\n\n\n<p>Od pocz\u0105tku swojego dzia\u0142ania wsp\u00f3\u0142pracujemy z r\u00f3\u017cnymi instytucjami i organizacjami. <\/p>\n\n\n\n<p>W\u015br\u00f3d nich wa\u017cne miejsce zajmuje wsp\u00f3\u0142praca z <a href=\"http:\/\/www.mdk.rzeszow.pl\">CENTRUM M\u0141ODZIE\u017bY  (do ko\u0144ca 2023 M\u0142odzie\u017cowy Dom Kultury) w Rzeszowie<\/a>. <\/p>\n\n\n\n<p>Na statutowe dzia\u0142ania pozyskujemy \u015brodki z wielu \u017ar\u00f3de\u0142. Do najwa\u017cniejszych nale\u017c\u0105 mi\u0119dzy innymi: programy grantowe finansowane przez administracj\u0119 rz\u0105dow\u0105 i samorz\u0105dow\u0105, wp\u0142ywy od przedsi\u0119biorc\u00f3w i os\u00f3b prywatnych w tym darowizny od os\u00f3b fizycznych w ramach <a href=\"http:\/\/promotor.rzeszow.pl\/?page_id=19\">1,5 % podatku<\/a> dla organizacji po\u017cytku publicznego oraz dzia\u0142alno\u015b\u0107 w\u0142asna.<\/p>\n\n\n\n<p>Zarz\u0105d:<\/p>\n\n\n\n<p> 1999 r. &#8211; 2023 &#8211; Prezesem Zarz\u0105du Stowarzyszenia by\u0142a Anna Garga\u0142a.<br>2023 &#8211; 2024 &#8211; Prezesem Zarz\u0105du Stowarzyszenia by\u0142 Bogus\u0142aw Tomczak<br>2024 &#8211; do teraz &#8211; Prezesem Stowarzyszenia jest Ma\u0142gorzata Florczak<\/p>\n\n\n\n<div class=\"wp-block-file\"><a href=\"http:\/\/promotor.rzeszow.pl\/wp-content\/uploads\/2023\/02\/statut-Promotor-aktualny-2019.pdf\">Statut-Promotor<\/a><a href=\"http:\/\/promotor.rzeszow.pl\/wp-content\/uploads\/2023\/02\/statut-Promotor-aktualny-2019.pdf\" class=\"wp-block-file__button\" download>Pobierz<\/a><\/div>\n\n\n\n<p><\/p>\n","protected":false},"excerpt":{"rendered":"<p>Stowarzyszenie Wspierania Edukacji Artystycznej \u201ePROMOTOR, jest stowarzyszeniem zarejestrowanym i posiadaj\u0105cym osobowo\u015b\u0107 prawn\u0105. Dzia\u0142amy nieprzerwanie od 1999 r. Od 2005 roku posiadamy status organizacji po\u017cytku publicznego. Nasze stowarzyszenie zosta\u0142o za\u0142o\u017cone przez grup\u0119 os\u00f3b zebranych wok\u00f3\u0142 idei rozwijania kultury i edukacji kulturalnej m\u0142odego pokolenia mieszka\u0144c\u00f3w Rzeszowa. Stowarzyszenie Wspierania Edukacji Artystycznej PROMOTOR\u2013 organizacja po\u017cytku publicznego ma bogate do\u015bwiadczenie &hellip; <\/p>\n<p class=\"link-more\"><a href=\"http:\/\/promotor.rzeszow.pl\/?page_id=49\" class=\"more-link\">Czytaj dalej<span class=\"screen-reader-text\"> O nas<\/span><\/a><\/p>\n","protected":false},"author":1,"featured_media":0,"parent":0,"menu_order":0,"comment_status":"closed","ping_status":"closed","template":"","meta":[],"_links":{"self":[{"href":"http:\/\/promotor.rzeszow.pl\/index.php?rest_route=\/wp\/v2\/pages\/49"}],"collection":[{"href":"http:\/\/promotor.rzeszow.pl\/index.php?rest_route=\/wp\/v2\/pages"}],"about":[{"href":"http:\/\/promotor.rzeszow.pl\/index.php?rest_route=\/wp\/v2\/types\/page"}],"author":[{"embeddable":true,"href":"http:\/\/promotor.rzeszow.pl\/index.php?rest_route=\/wp\/v2\/users\/1"}],"replies":[{"embeddable":true,"href":"http:\/\/promotor.rzeszow.pl\/index.php?rest_route=%2Fwp%2Fv2%2Fcomments&post=49"}],"version-history":[{"count":8,"href":"http:\/\/promotor.rzeszow.pl\/index.php?rest_route=\/wp\/v2\/pages\/49\/revisions"}],"predecessor-version":[{"id":634,"href":"http:\/\/promotor.rzeszow.pl\/index.php?rest_route=\/wp\/v2\/pages\/49\/revisions\/634"}],"wp:attachment":[{"href":"http:\/\/promotor.rzeszow.pl\/index.php?rest_route=%2Fwp%2Fv2%2Fmedia&parent=49"}],"curies":[{"name":"wp","href":"https:\/\/api.w.org\/{rel}","templated":true}]}}