{"id":19,"date":"2020-03-16T13:18:02","date_gmt":"2020-03-16T13:18:02","guid":{"rendered":"http:\/\/promotor.rzeszow.pl\/?page_id=19"},"modified":"2024-07-03T11:56:19","modified_gmt":"2024-07-03T11:56:19","slug":"opp","status":"publish","type":"page","link":"http:\/\/promotor.rzeszow.pl\/?page_id=19","title":{"rendered":"1 ,5 %"},"content":{"rendered":"\n<figure class=\"wp-block-image size-large\"><img loading=\"lazy\" width=\"1024\" height=\"483\" src=\"http:\/\/promotor.rzeszow.pl\/wp-content\/uploads\/2023\/02\/1-5_procent_CMYK-1024x483.jpg\" alt=\"\" class=\"wp-image-233\" srcset=\"http:\/\/promotor.rzeszow.pl\/wp-content\/uploads\/2023\/02\/1-5_procent_CMYK-1024x483.jpg 1024w, http:\/\/promotor.rzeszow.pl\/wp-content\/uploads\/2023\/02\/1-5_procent_CMYK-300x141.jpg 300w, http:\/\/promotor.rzeszow.pl\/wp-content\/uploads\/2023\/02\/1-5_procent_CMYK-768x362.jpg 768w, http:\/\/promotor.rzeszow.pl\/wp-content\/uploads\/2023\/02\/1-5_procent_CMYK-1536x724.jpg 1536w, http:\/\/promotor.rzeszow.pl\/wp-content\/uploads\/2023\/02\/1-5_procent_CMYK.jpg 1600w\" sizes=\"(max-width: 767px) 89vw, (max-width: 1000px) 54vw, (max-width: 1071px) 543px, 580px\" \/><\/figure>\n\n\n\n<p>Nasze stowarzyszenie pomaga uzdolnionym dzieciom i m\u0142odzie\u017cy oraz doros\u0142ym. Wsp\u00f3\u0142pracuje z <a href=\"http:\/\/www.cmr.rzeszow.pl\">Centrum M\u0142odzie\u017cy w Rzeszowie<\/a><\/p>\n\n\n\n<p>Jak przekaza\u0107 nam 1,5% ?<\/p>\n\n\n\n<p>Deklaracja podatkowa (PIT) zawiera pola, kt\u00f3re s\u0105 niezb\u0119dne aby przekaza\u0107 1% rocznego podatku. w pola te nale\u017cy wpisa\u0107:<\/p>\n\n\n\n<ul><li>nazw\u0119 organizacji: Stowarzyszenie Wspierania Edukacji Artystycznej &#8222;Promotor&#8221;<\/li><li>numer KRS: 0000013460<\/li><li>przekazywan\u0105 kwot\u0119 w z\u0142, kt\u00f3ra nie mo\u017ce przekroczy\u0107 1,5% &#8230;.<\/li><li>cel szczeg\u00f3\u0142owy: np. Zesp\u00f3\u0142, pracownia<\/li><\/ul>\n\n\n\n<figure class=\"wp-block-image size-large\"><img loading=\"lazy\" width=\"1024\" height=\"688\" src=\"http:\/\/promotor.rzeszow.pl\/wp-content\/uploads\/2024\/07\/15-na-www-ogolne-1024x688.jpg\" alt=\"\" class=\"wp-image-401\" srcset=\"http:\/\/promotor.rzeszow.pl\/wp-content\/uploads\/2024\/07\/15-na-www-ogolne-1024x688.jpg 1024w, http:\/\/promotor.rzeszow.pl\/wp-content\/uploads\/2024\/07\/15-na-www-ogolne-300x202.jpg 300w, http:\/\/promotor.rzeszow.pl\/wp-content\/uploads\/2024\/07\/15-na-www-ogolne-768x516.jpg 768w, http:\/\/promotor.rzeszow.pl\/wp-content\/uploads\/2024\/07\/15-na-www-ogolne-1536x1032.jpg 1536w, http:\/\/promotor.rzeszow.pl\/wp-content\/uploads\/2024\/07\/15-na-www-ogolne.jpg 1540w\" sizes=\"(max-width: 767px) 89vw, (max-width: 1000px) 54vw, (max-width: 1071px) 543px, 580px\" \/><\/figure>\n\n\n\n<p><\/p>\n","protected":false},"excerpt":{"rendered":"<p>Nasze stowarzyszenie pomaga uzdolnionym dzieciom i m\u0142odzie\u017cy oraz doros\u0142ym. Wsp\u00f3\u0142pracuje z Centrum M\u0142odzie\u017cy w Rzeszowie Jak przekaza\u0107 nam 1,5% ? Deklaracja podatkowa (PIT) zawiera pola, kt\u00f3re s\u0105 niezb\u0119dne aby przekaza\u0107 1% rocznego podatku. w pola te nale\u017cy wpisa\u0107: nazw\u0119 organizacji: Stowarzyszenie Wspierania Edukacji Artystycznej &#8222;Promotor&#8221; numer KRS: 0000013460 przekazywan\u0105 kwot\u0119 w z\u0142, kt\u00f3ra nie mo\u017ce &hellip; <\/p>\n<p class=\"link-more\"><a href=\"http:\/\/promotor.rzeszow.pl\/?page_id=19\" class=\"more-link\">Czytaj dalej<span class=\"screen-reader-text\"> 1 ,5 %<\/span><\/a><\/p>\n","protected":false},"author":1,"featured_media":54,"parent":0,"menu_order":0,"comment_status":"closed","ping_status":"closed","template":"","meta":[],"_links":{"self":[{"href":"http:\/\/promotor.rzeszow.pl\/index.php?rest_route=\/wp\/v2\/pages\/19"}],"collection":[{"href":"http:\/\/promotor.rzeszow.pl\/index.php?rest_route=\/wp\/v2\/pages"}],"about":[{"href":"http:\/\/promotor.rzeszow.pl\/index.php?rest_route=\/wp\/v2\/types\/page"}],"author":[{"embeddable":true,"href":"http:\/\/promotor.rzeszow.pl\/index.php?rest_route=\/wp\/v2\/users\/1"}],"replies":[{"embeddable":true,"href":"http:\/\/promotor.rzeszow.pl\/index.php?rest_route=%2Fwp%2Fv2%2Fcomments&post=19"}],"version-history":[{"count":8,"href":"http:\/\/promotor.rzeszow.pl\/index.php?rest_route=\/wp\/v2\/pages\/19\/revisions"}],"predecessor-version":[{"id":400,"href":"http:\/\/promotor.rzeszow.pl\/index.php?rest_route=\/wp\/v2\/pages\/19\/revisions\/400"}],"wp:featuredmedia":[{"embeddable":true,"href":"http:\/\/promotor.rzeszow.pl\/index.php?rest_route=\/wp\/v2\/media\/54"}],"wp:attachment":[{"href":"http:\/\/promotor.rzeszow.pl\/index.php?rest_route=%2Fwp%2Fv2%2Fmedia&parent=19"}],"curies":[{"name":"wp","href":"https:\/\/api.w.org\/{rel}","templated":true}]}}